{"id":39016,"date":"2026-03-31T00:20:18","date_gmt":"2026-03-30T22:20:18","guid":{"rendered":"https:\/\/myindustry.shop\/product\/6sl3255-0be00-0aa0\/"},"modified":"2026-03-31T00:20:20","modified_gmt":"2026-03-30T22:20:20","slug":"6sl3255-0be00-0aa0","status":"publish","type":"product","link":"https:\/\/myindustry.shop\/et\/toode\/6sl3255-0be00-0aa0\/","title":{"rendered":"6SL3255-0BE00-0AA0"},"content":{"rendered":"<ul>\n<h3>Sinamics G120X<\/h3>\n<p>Module d&#8217;extension I\/O con\u00e7u pour \u00e9tendre les capacit\u00e9s de communication et de contr\u00f4le des syst\u00e8mes SINAMICS.<\/p>\n<h4>D\u00e9tails techniques :<\/h4>\n<ul>\n<li>Module d&#8217;extension I\/O<\/li>\n<li>2 AI<\/li>\n<li>2 AQ<\/li>\n<li>2 DI<\/li>\n<li>4 DQ (relais)<\/li>\n<\/ul>\n<h4>Avantages client :<\/h4>\n<ul>\n<li>Augmente la flexibilit\u00e9 des applications SINAMICS.<\/li>\n<li>Permet une int\u00e9gration facile des p\u00e9riph\u00e9riques suppl\u00e9mentaires.<\/li>\n<\/ul>\n<p><i>Avertissement\u00a0:\u00a0g\u00e9n\u00e9r\u00e9 par l&#8217;IA.<\/i><\/p>\n<\/ul>","protected":false},"excerpt":{"rendered":"<p>SINAMICS G120X IO Extension module<\/p>","protected":false},"featured_media":39025,"template":"","meta":{"_acf_changed":false},"product_brand":[216],"product_cat":[253,254],"product_tag":[],"class_list":{"0":"post-39016","1":"product","2":"type-product","3":"status-publish","4":"has-post-thumbnail","6":"product_brand-siemens","7":"product_cat-drive-technology","8":"product_cat-frequency-converters","10":"first","11":"instock","12":"purchasable","13":"product-type-simple"},"acf":[],"yoast_head":"<!-- This site is optimized with the Yoast SEO Premium plugin v26.1 (Yoast SEO v27.3) - https:\/\/yoast.com\/product\/yoast-seo-premium-wordpress\/ -->\n<title>6SL3255-0BE00-0AA0 - MyIndustry.Shop<\/title>\n<meta name=\"robots\" content=\"index, follow, max-snippet:-1, max-image-preview:large, max-video-preview:-1\" \/>\n<link rel=\"canonical\" href=\"https:\/\/myindustry.shop\/et\/toode\/6sl3255-0be00-0aa0\/\" \/>\n<meta property=\"og:locale\" content=\"et_EE\" \/>\n<meta property=\"og:type\" content=\"article\" \/>\n<meta property=\"og:title\" content=\"6SL3255-0BE00-0AA0\" \/>\n<meta property=\"og:description\" content=\"SINAMICS G120X IO Extension module\" \/>\n<meta property=\"og:url\" content=\"https:\/\/myindustry.shop\/et\/toode\/6sl3255-0be00-0aa0\/\" \/>\n<meta property=\"og:site_name\" content=\"MyIndustry.Shop\" \/>\n<meta property=\"article:modified_time\" content=\"2026-03-30T22:20:20+00:00\" \/>\n<meta property=\"og:image\" content=\"https:\/\/static.siemens.com\/mimes\/10001000PNG\/P_D011_XX_01340P.png\" \/>\n<meta name=\"twitter:card\" content=\"summary_large_image\" \/>\n<meta name=\"twitter:image\" content=\"https:\/\/static.siemens.com\/mimes\/10001000PNG\/P_D011_XX_01340P.png\" \/>\n<meta name=\"twitter:label1\" content=\"Price\" \/>\n\t<meta name=\"twitter:data1\" content=\"178,58&nbsp;&euro;\" \/>\n\t<meta name=\"twitter:label2\" content=\"Availability\" \/>\n\t<meta name=\"twitter:data2\" content=\"In stock\" \/>\n<script type=\"application\/ld+json\" class=\"yoast-schema-graph\">{\"@context\":\"https:\\\/\\\/schema.org\",\"@graph\":[{\"@type\":[\"WebPage\",\"ItemPage\"],\"@id\":\"https:\\\/\\\/myindustry.shop\\\/product\\\/6sl3255-0be00-0aa0\\\/\",\"url\":\"https:\\\/\\\/myindustry.shop\\\/product\\\/6sl3255-0be00-0aa0\\\/\",\"name\":\"6SL3255-0BE00-0AA0 - MyIndustry.Shop\",\"isPartOf\":{\"@id\":\"https:\\\/\\\/myindustry.shop\\\/#website\"},\"primaryImageOfPage\":{\"@id\":\"https:\\\/\\\/myindustry.shop\\\/product\\\/6sl3255-0be00-0aa0\\\/#primaryimage\"},\"image\":{\"@id\":\"https:\\\/\\\/myindustry.shop\\\/product\\\/6sl3255-0be00-0aa0\\\/#primaryimage\"},\"thumbnailUrl\":\"https:\\\/\\\/wp.fifu.app\\\/myindustry.shop\\\/aHR0cHM6Ly9zdGF0aWMuc2llbWVucy5jb20vbWltZXMvMTAwMDEwMDBQTkcvUF9EMDExX1hYXzAxMzQwUC5wbmc\\\/a478e6532e47\\\/sinamics-g120x-io-expansion-module.webp?w=0&h=0&c=0&p=39016\",\"datePublished\":\"2026-03-30T22:20:18+00:00\",\"dateModified\":\"2026-03-30T22:20:20+00:00\",\"breadcrumb\":{\"@id\":\"https:\\\/\\\/myindustry.shop\\\/product\\\/6sl3255-0be00-0aa0\\\/#breadcrumb\"},\"inLanguage\":\"et\",\"potentialAction\":[{\"@type\":\"ReadAction\",\"target\":[\"https:\\\/\\\/myindustry.shop\\\/product\\\/6sl3255-0be00-0aa0\\\/\"]}]},{\"@type\":\"ImageObject\",\"inLanguage\":\"et\",\"@id\":\"https:\\\/\\\/myindustry.shop\\\/product\\\/6sl3255-0be00-0aa0\\\/#primaryimage\",\"url\":\"https:\\\/\\\/wp.fifu.app\\\/myindustry.shop\\\/aHR0cHM6Ly9zdGF0aWMuc2llbWVucy5jb20vbWltZXMvMTAwMDEwMDBQTkcvUF9EMDExX1hYXzAxMzQwUC5wbmc\\\/a478e6532e47\\\/sinamics-g120x-io-expansion-module.webp?w=0&h=0&c=0&p=39016\",\"contentUrl\":\"https:\\\/\\\/wp.fifu.app\\\/myindustry.shop\\\/aHR0cHM6Ly9zdGF0aWMuc2llbWVucy5jb20vbWltZXMvMTAwMDEwMDBQTkcvUF9EMDExX1hYXzAxMzQwUC5wbmc\\\/a478e6532e47\\\/sinamics-g120x-io-expansion-module.webp?w=0&h=0&c=0&p=39016\",\"caption\":\"SINAMICS G120X IO Expansion module\"},{\"@type\":\"BreadcrumbList\",\"@id\":\"https:\\\/\\\/myindustry.shop\\\/product\\\/6sl3255-0be00-0aa0\\\/#breadcrumb\",\"itemListElement\":[{\"@type\":\"ListItem\",\"position\":1,\"name\":\"Home\",\"item\":\"https:\\\/\\\/myindustry.shop\\\/\"},{\"@type\":\"ListItem\",\"position\":2,\"name\":\"Shop\",\"item\":\"https:\\\/\\\/myindustry.shop\\\/shop\\\/\"},{\"@type\":\"ListItem\",\"position\":3,\"name\":\"6SL3255-0BE00-0AA0\"}]},{\"@type\":\"WebSite\",\"@id\":\"https:\\\/\\\/myindustry.shop\\\/#website\",\"url\":\"https:\\\/\\\/myindustry.shop\\\/\",\"name\":\"MyIndustry.Shop\",\"description\":\"MyIndustry.Shop\",\"potentialAction\":[{\"@type\":\"SearchAction\",\"target\":{\"@type\":\"EntryPoint\",\"urlTemplate\":\"https:\\\/\\\/myindustry.shop\\\/?s={search_term_string}\"},\"query-input\":{\"@type\":\"PropertyValueSpecification\",\"valueRequired\":true,\"valueName\":\"search_term_string\"}}],\"inLanguage\":\"et\"}]}<\/script>\n<meta property=\"product:price:amount\" content=\"178.58\" \/>\n<meta property=\"product:price:currency\" content=\"EUR\" \/>\n<meta property=\"og:availability\" content=\"instock\" \/>\n<meta property=\"product:availability\" content=\"instock\" \/>\n<meta property=\"product:retailer_item_id\" content=\"6SL32550BE000AA0\" \/>\n<meta property=\"product:condition\" content=\"new\" \/>\n<!-- \/ Yoast SEO Premium plugin. -->","yoast_head_json":{"title":"6SL3255-0BE00-0AA0 - MyIndustry.Shop","robots":{"index":"index","follow":"follow","max-snippet":"max-snippet:-1","max-image-preview":"max-image-preview:large","max-video-preview":"max-video-preview:-1"},"canonical":"https:\/\/myindustry.shop\/et\/toode\/6sl3255-0be00-0aa0\/","og_locale":"et_EE","og_type":"article","og_title":"6SL3255-0BE00-0AA0","og_description":"SINAMICS G120X IO Extension module","og_url":"https:\/\/myindustry.shop\/et\/toode\/6sl3255-0be00-0aa0\/","og_site_name":"MyIndustry.Shop","article_modified_time":"2026-03-30T22:20:20+00:00","og_image":[{"url":"https:\/\/static.siemens.com\/mimes\/10001000PNG\/P_D011_XX_01340P.png","type":"","width":"","height":""}],"twitter_card":"summary_large_image","twitter_image":"https:\/\/static.siemens.com\/mimes\/10001000PNG\/P_D011_XX_01340P.png","twitter_misc":{"Price":"178,58&nbsp;&euro;","Availability":"In stock"},"schema":{"@context":"https:\/\/schema.org","@graph":[{"@type":["WebPage","ItemPage"],"@id":"https:\/\/myindustry.shop\/product\/6sl3255-0be00-0aa0\/","url":"https:\/\/myindustry.shop\/product\/6sl3255-0be00-0aa0\/","name":"6SL3255-0BE00-0AA0 - MyIndustry.Shop","isPartOf":{"@id":"https:\/\/myindustry.shop\/#website"},"primaryImageOfPage":{"@id":"https:\/\/myindustry.shop\/product\/6sl3255-0be00-0aa0\/#primaryimage"},"image":{"@id":"https:\/\/myindustry.shop\/product\/6sl3255-0be00-0aa0\/#primaryimage"},"thumbnailUrl":"https:\/\/wp.fifu.app\/myindustry.shop\/aHR0cHM6Ly9zdGF0aWMuc2llbWVucy5jb20vbWltZXMvMTAwMDEwMDBQTkcvUF9EMDExX1hYXzAxMzQwUC5wbmc\/a478e6532e47\/sinamics-g120x-io-expansion-module.webp?w=0&h=0&c=0&p=39016","datePublished":"2026-03-30T22:20:18+00:00","dateModified":"2026-03-30T22:20:20+00:00","breadcrumb":{"@id":"https:\/\/myindustry.shop\/product\/6sl3255-0be00-0aa0\/#breadcrumb"},"inLanguage":"et","potentialAction":[{"@type":"ReadAction","target":["https:\/\/myindustry.shop\/product\/6sl3255-0be00-0aa0\/"]}]},{"@type":"ImageObject","inLanguage":"et","@id":"https:\/\/myindustry.shop\/product\/6sl3255-0be00-0aa0\/#primaryimage","url":"https:\/\/wp.fifu.app\/myindustry.shop\/aHR0cHM6Ly9zdGF0aWMuc2llbWVucy5jb20vbWltZXMvMTAwMDEwMDBQTkcvUF9EMDExX1hYXzAxMzQwUC5wbmc\/a478e6532e47\/sinamics-g120x-io-expansion-module.webp?w=0&h=0&c=0&p=39016","contentUrl":"https:\/\/wp.fifu.app\/myindustry.shop\/aHR0cHM6Ly9zdGF0aWMuc2llbWVucy5jb20vbWltZXMvMTAwMDEwMDBQTkcvUF9EMDExX1hYXzAxMzQwUC5wbmc\/a478e6532e47\/sinamics-g120x-io-expansion-module.webp?w=0&h=0&c=0&p=39016","caption":"SINAMICS G120X IO Expansion module"},{"@type":"BreadcrumbList","@id":"https:\/\/myindustry.shop\/product\/6sl3255-0be00-0aa0\/#breadcrumb","itemListElement":[{"@type":"ListItem","position":1,"name":"Home","item":"https:\/\/myindustry.shop\/"},{"@type":"ListItem","position":2,"name":"Shop","item":"https:\/\/myindustry.shop\/shop\/"},{"@type":"ListItem","position":3,"name":"6SL3255-0BE00-0AA0"}]},{"@type":"WebSite","@id":"https:\/\/myindustry.shop\/#website","url":"https:\/\/myindustry.shop\/","name":"MyIndustry.Shop","description":"MyIndustry.Shop","potentialAction":[{"@type":"SearchAction","target":{"@type":"EntryPoint","urlTemplate":"https:\/\/myindustry.shop\/?s={search_term_string}"},"query-input":{"@type":"PropertyValueSpecification","valueRequired":true,"valueName":"search_term_string"}}],"inLanguage":"et"}]},"product_price_amount":"178.58","product_price_currency":"EUR","og_availability":"instock","product_availability":"instock","product_retailer_item_id":"6SL32550BE000AA0","product_condition":"new"},"jetpack_sharing_enabled":true,"fifu_image_url":"https:\/\/static.siemens.com\/mimes\/10001000PNG\/P_D011_XX_01340P.png","fifu_image_alt":"SINAMICS G120X IO Expansion module","_links":{"self":[{"href":"https:\/\/myindustry.shop\/et\/wp-json\/wp\/v2\/product\/39016","targetHints":{"allow":["GET"]}}],"collection":[{"href":"https:\/\/myindustry.shop\/et\/wp-json\/wp\/v2\/product"}],"about":[{"href":"https:\/\/myindustry.shop\/et\/wp-json\/wp\/v2\/types\/product"}],"version-history":[{"count":0,"href":"https:\/\/myindustry.shop\/et\/wp-json\/wp\/v2\/product\/39016\/revisions"}],"wp:featuredmedia":[{"embeddable":true,"href":"https:\/\/myindustry.shop\/et\/wp-json\/wp\/v2\/media\/39025"}],"wp:attachment":[{"href":"https:\/\/myindustry.shop\/et\/wp-json\/wp\/v2\/media?parent=39016"}],"wp:term":[{"taxonomy":"product_brand","embeddable":true,"href":"https:\/\/myindustry.shop\/et\/wp-json\/wp\/v2\/product_brand?post=39016"},{"taxonomy":"product_cat","embeddable":true,"href":"https:\/\/myindustry.shop\/et\/wp-json\/wp\/v2\/product_cat?post=39016"},{"taxonomy":"product_tag","embeddable":true,"href":"https:\/\/myindustry.shop\/et\/wp-json\/wp\/v2\/product_tag?post=39016"}],"curies":[{"name":"wp","href":"https:\/\/api.w.org\/{rel}","templated":true}]}}