{"id":22010,"date":"2025-11-18T01:23:27","date_gmt":"2025-11-17T23:23:27","guid":{"rendered":"https:\/\/myindustry.shop\/product\/3nh3030\/"},"modified":"2026-03-30T22:41:01","modified_gmt":"2026-03-30T20:41:01","slug":"3nh3030","status":"publish","type":"product","link":"https:\/\/myindustry.shop\/et\/toode\/3nh3030\/","title":{"rendered":"3NH3030"},"content":{"rendered":"<ul>\n<h3>Base de fusible HRC LV Sz. 00<\/h3>\n<p>El base de fusible HRC LV est\u00e0 dissenyat per proporcionar una protecci\u00f3 eficient a circuits el\u00e8ctrics.<\/p>\n<h4>Detalls t\u00e8cnics:<\/h4>\n<ul>\n<li>Tipus: Base de fusible HRC<\/li>\n<li>Tamany: Sz. 00<\/li>\n<li>Pols: 1-pole<\/li>\n<li>Intensitat: 160 A<\/li>\n<li>Tensi\u00f3: 690 V (1000 V)<\/li>\n<li>Terminal: Pla<\/li>\n<li>Secci\u00f3 del cable: 95 mm2<\/li>\n<li>Refer\u00e8ncies: DPMD_ACK235_001_000_1001221, DPMD_ACK240_001_000_1001221<\/li>\n<\/ul>\n<h4>Beneficis per al client:<\/h4>\n<ul>\n<li>Protecci\u00f3 fiable dels circuits el\u00e8ctrics.<\/li>\n<li>Facilitat d&#8217;instal\u00b7laci\u00f3 amb terminals plans.<\/li>\n<\/ul>\n<p><i>Disclaimer: Generated by AI.<\/i><\/p>\n<\/ul>","protected":false},"excerpt":{"rendered":"<p>LV HRC fuse base size 00, 1-pole 160\u00a0A 690\u00a0V (1000 V) flat terminal, 95\u00a0mm2<\/p>","protected":false},"featured_media":22029,"template":"","meta":{"_acf_changed":false},"product_brand":[216],"product_cat":[284,258],"product_tag":[],"class_list":{"0":"post-22010","1":"product","2":"type-product","3":"status-publish","4":"has-post-thumbnail","6":"product_brand-siemens","7":"product_cat-fuses","8":"product_cat-industrial-controls","10":"first","11":"instock","12":"purchasable","13":"product-type-simple"},"acf":[],"yoast_head":"<!-- This site is optimized with the Yoast SEO Premium plugin v26.1 (Yoast SEO v27.3) - https:\/\/yoast.com\/product\/yoast-seo-premium-wordpress\/ -->\n<title>3NH3030 - MyIndustry.Shop<\/title>\n<meta name=\"robots\" content=\"index, follow, max-snippet:-1, max-image-preview:large, max-video-preview:-1\" \/>\n<link rel=\"canonical\" href=\"https:\/\/myindustry.shop\/et\/toode\/3nh3030\/\" \/>\n<meta property=\"og:locale\" content=\"et_EE\" \/>\n<meta property=\"og:type\" content=\"article\" \/>\n<meta property=\"og:title\" content=\"3NH3030\" \/>\n<meta property=\"og:description\" content=\"LV HRC fuse base size 00, 1-pole 160\u00a0A 690\u00a0V (1000 V) flat terminal, 95\u00a0mm2\" \/>\n<meta property=\"og:url\" content=\"https:\/\/myindustry.shop\/et\/toode\/3nh3030\/\" \/>\n<meta property=\"og:site_name\" content=\"MyIndustry.Shop\" \/>\n<meta property=\"article:modified_time\" content=\"2026-03-30T20:41:01+00:00\" \/>\n<meta property=\"og:image\" content=\"https:\/\/static.siemens.com\/mimes\/10001000PNG\/P_I201_XX_04153P.png\" \/><meta property=\"og:image\" content=\"https:\/\/static.siemens.com\/mimes\/10001000PNG\/P_I201_XX_04153P.png\" \/>\n\t<meta property=\"og:image:width\" content=\"1024\" \/>\n\t<meta property=\"og:image:height\" content=\"1024\" \/>\n\t<meta property=\"og:image:type\" content=\"image\/jpeg\" \/>\n<meta name=\"twitter:card\" content=\"summary_large_image\" \/>\n<meta name=\"twitter:image\" content=\"https:\/\/static.siemens.com\/mimes\/10001000PNG\/P_I201_XX_04153P.png\" \/>\n<meta name=\"twitter:label1\" content=\"Price\" \/>\n\t<meta name=\"twitter:data1\" content=\"27,40&nbsp;&euro;\" \/>\n\t<meta name=\"twitter:label2\" content=\"Availability\" \/>\n\t<meta name=\"twitter:data2\" content=\"In stock\" \/>\n<script type=\"application\/ld+json\" class=\"yoast-schema-graph\">{\"@context\":\"https:\\\/\\\/schema.org\",\"@graph\":[{\"@type\":[\"WebPage\",\"ItemPage\"],\"@id\":\"https:\\\/\\\/myindustry.shop\\\/product\\\/3nh3030\\\/\",\"url\":\"https:\\\/\\\/myindustry.shop\\\/product\\\/3nh3030\\\/\",\"name\":\"3NH3030 - MyIndustry.Shop\",\"isPartOf\":{\"@id\":\"https:\\\/\\\/myindustry.shop\\\/#website\"},\"primaryImageOfPage\":{\"@id\":\"https:\\\/\\\/myindustry.shop\\\/product\\\/3nh3030\\\/#primaryimage\"},\"image\":{\"@id\":\"https:\\\/\\\/myindustry.shop\\\/product\\\/3nh3030\\\/#primaryimage\"},\"thumbnailUrl\":\"https:\\\/\\\/wp.fifu.app\\\/myindustry.shop\\\/aHR0cHM6Ly9zdGF0aWMuc2llbWVucy5jb20vbWltZXMvMTAwMDEwMDBQTkcvUF9JMjAxX1hYXzA0MTUzUC5wbmc\\\/69e835255f77\\\/lv-hrc-fuse-base-s00-1-p-pad-type.webp?w=0&h=0&c=0&p=22010\",\"datePublished\":\"2025-11-17T23:23:27+00:00\",\"dateModified\":\"2026-03-30T20:41:01+00:00\",\"breadcrumb\":{\"@id\":\"https:\\\/\\\/myindustry.shop\\\/product\\\/3nh3030\\\/#breadcrumb\"},\"inLanguage\":\"et\",\"potentialAction\":[{\"@type\":\"ReadAction\",\"target\":[\"https:\\\/\\\/myindustry.shop\\\/product\\\/3nh3030\\\/\"]}]},{\"@type\":\"ImageObject\",\"inLanguage\":\"et\",\"@id\":\"https:\\\/\\\/myindustry.shop\\\/product\\\/3nh3030\\\/#primaryimage\",\"url\":\"https:\\\/\\\/wp.fifu.app\\\/myindustry.shop\\\/aHR0cHM6Ly9zdGF0aWMuc2llbWVucy5jb20vbWltZXMvMTAwMDEwMDBQTkcvUF9JMjAxX1hYXzA0MTUzUC5wbmc\\\/69e835255f77\\\/lv-hrc-fuse-base-s00-1-p-pad-type.webp?w=0&h=0&c=0&p=22010\",\"contentUrl\":\"https:\\\/\\\/wp.fifu.app\\\/myindustry.shop\\\/aHR0cHM6Ly9zdGF0aWMuc2llbWVucy5jb20vbWltZXMvMTAwMDEwMDBQTkcvUF9JMjAxX1hYXzA0MTUzUC5wbmc\\\/69e835255f77\\\/lv-hrc-fuse-base-s00-1-p-pad-type.webp?w=0&h=0&c=0&p=22010\",\"caption\":\"LV HRC FUSE BASE S00 1-P PAD-TYPE\"},{\"@type\":\"BreadcrumbList\",\"@id\":\"https:\\\/\\\/myindustry.shop\\\/product\\\/3nh3030\\\/#breadcrumb\",\"itemListElement\":[{\"@type\":\"ListItem\",\"position\":1,\"name\":\"Home\",\"item\":\"https:\\\/\\\/myindustry.shop\\\/\"},{\"@type\":\"ListItem\",\"position\":2,\"name\":\"Shop\",\"item\":\"https:\\\/\\\/myindustry.shop\\\/shop\\\/\"},{\"@type\":\"ListItem\",\"position\":3,\"name\":\"3NH3030\"}]},{\"@type\":\"WebSite\",\"@id\":\"https:\\\/\\\/myindustry.shop\\\/#website\",\"url\":\"https:\\\/\\\/myindustry.shop\\\/\",\"name\":\"MyIndustry.Shop\",\"description\":\"MyIndustry.Shop\",\"potentialAction\":[{\"@type\":\"SearchAction\",\"target\":{\"@type\":\"EntryPoint\",\"urlTemplate\":\"https:\\\/\\\/myindustry.shop\\\/?s={search_term_string}\"},\"query-input\":{\"@type\":\"PropertyValueSpecification\",\"valueRequired\":true,\"valueName\":\"search_term_string\"}}],\"inLanguage\":\"et\"}]}<\/script>\n<meta property=\"product:price:amount\" content=\"27.40\" \/>\n<meta property=\"product:price:currency\" content=\"EUR\" \/>\n<meta property=\"og:availability\" content=\"instock\" \/>\n<meta property=\"product:availability\" content=\"instock\" \/>\n<meta property=\"product:retailer_item_id\" content=\"3NH3030\" \/>\n<meta property=\"product:condition\" content=\"new\" \/>\n<!-- \/ Yoast SEO Premium plugin. -->","yoast_head_json":{"title":"3NH3030 - MyIndustry.Shop","robots":{"index":"index","follow":"follow","max-snippet":"max-snippet:-1","max-image-preview":"max-image-preview:large","max-video-preview":"max-video-preview:-1"},"canonical":"https:\/\/myindustry.shop\/et\/toode\/3nh3030\/","og_locale":"et_EE","og_type":"article","og_title":"3NH3030","og_description":"LV HRC fuse base size 00, 1-pole 160\u00a0A 690\u00a0V (1000 V) flat terminal, 95\u00a0mm2","og_url":"https:\/\/myindustry.shop\/et\/toode\/3nh3030\/","og_site_name":"MyIndustry.Shop","article_modified_time":"2026-03-30T20:41:01+00:00","og_image":[{"url":"https:\/\/static.siemens.com\/mimes\/10001000PNG\/P_I201_XX_04153P.png","type":"","width":"","height":""},{"url":"https:\/\/static.siemens.com\/mimes\/10001000PNG\/P_I201_XX_04153P.png","width":1024,"height":1024,"type":"image\/jpeg"}],"twitter_card":"summary_large_image","twitter_image":"https:\/\/static.siemens.com\/mimes\/10001000PNG\/P_I201_XX_04153P.png","twitter_misc":{"Price":"27,40&nbsp;&euro;","Availability":"In stock"},"schema":{"@context":"https:\/\/schema.org","@graph":[{"@type":["WebPage","ItemPage"],"@id":"https:\/\/myindustry.shop\/product\/3nh3030\/","url":"https:\/\/myindustry.shop\/product\/3nh3030\/","name":"3NH3030 - MyIndustry.Shop","isPartOf":{"@id":"https:\/\/myindustry.shop\/#website"},"primaryImageOfPage":{"@id":"https:\/\/myindustry.shop\/product\/3nh3030\/#primaryimage"},"image":{"@id":"https:\/\/myindustry.shop\/product\/3nh3030\/#primaryimage"},"thumbnailUrl":"https:\/\/wp.fifu.app\/myindustry.shop\/aHR0cHM6Ly9zdGF0aWMuc2llbWVucy5jb20vbWltZXMvMTAwMDEwMDBQTkcvUF9JMjAxX1hYXzA0MTUzUC5wbmc\/69e835255f77\/lv-hrc-fuse-base-s00-1-p-pad-type.webp?w=0&h=0&c=0&p=22010","datePublished":"2025-11-17T23:23:27+00:00","dateModified":"2026-03-30T20:41:01+00:00","breadcrumb":{"@id":"https:\/\/myindustry.shop\/product\/3nh3030\/#breadcrumb"},"inLanguage":"et","potentialAction":[{"@type":"ReadAction","target":["https:\/\/myindustry.shop\/product\/3nh3030\/"]}]},{"@type":"ImageObject","inLanguage":"et","@id":"https:\/\/myindustry.shop\/product\/3nh3030\/#primaryimage","url":"https:\/\/wp.fifu.app\/myindustry.shop\/aHR0cHM6Ly9zdGF0aWMuc2llbWVucy5jb20vbWltZXMvMTAwMDEwMDBQTkcvUF9JMjAxX1hYXzA0MTUzUC5wbmc\/69e835255f77\/lv-hrc-fuse-base-s00-1-p-pad-type.webp?w=0&h=0&c=0&p=22010","contentUrl":"https:\/\/wp.fifu.app\/myindustry.shop\/aHR0cHM6Ly9zdGF0aWMuc2llbWVucy5jb20vbWltZXMvMTAwMDEwMDBQTkcvUF9JMjAxX1hYXzA0MTUzUC5wbmc\/69e835255f77\/lv-hrc-fuse-base-s00-1-p-pad-type.webp?w=0&h=0&c=0&p=22010","caption":"LV HRC FUSE BASE S00 1-P PAD-TYPE"},{"@type":"BreadcrumbList","@id":"https:\/\/myindustry.shop\/product\/3nh3030\/#breadcrumb","itemListElement":[{"@type":"ListItem","position":1,"name":"Home","item":"https:\/\/myindustry.shop\/"},{"@type":"ListItem","position":2,"name":"Shop","item":"https:\/\/myindustry.shop\/shop\/"},{"@type":"ListItem","position":3,"name":"3NH3030"}]},{"@type":"WebSite","@id":"https:\/\/myindustry.shop\/#website","url":"https:\/\/myindustry.shop\/","name":"MyIndustry.Shop","description":"MyIndustry.Shop","potentialAction":[{"@type":"SearchAction","target":{"@type":"EntryPoint","urlTemplate":"https:\/\/myindustry.shop\/?s={search_term_string}"},"query-input":{"@type":"PropertyValueSpecification","valueRequired":true,"valueName":"search_term_string"}}],"inLanguage":"et"}]},"product_price_amount":"27.40","product_price_currency":"EUR","og_availability":"instock","product_availability":"instock","product_retailer_item_id":"3NH3030","product_condition":"new"},"jetpack_sharing_enabled":true,"fifu_image_url":"https:\/\/static.siemens.com\/mimes\/10001000PNG\/P_I201_XX_04153P.png","fifu_image_alt":"LV HRC FUSE BASE S00  1-P PAD-TYPE","_links":{"self":[{"href":"https:\/\/myindustry.shop\/et\/wp-json\/wp\/v2\/product\/22010","targetHints":{"allow":["GET"]}}],"collection":[{"href":"https:\/\/myindustry.shop\/et\/wp-json\/wp\/v2\/product"}],"about":[{"href":"https:\/\/myindustry.shop\/et\/wp-json\/wp\/v2\/types\/product"}],"version-history":[{"count":1,"href":"https:\/\/myindustry.shop\/et\/wp-json\/wp\/v2\/product\/22010\/revisions"}],"predecessor-version":[{"id":30761,"href":"https:\/\/myindustry.shop\/et\/wp-json\/wp\/v2\/product\/22010\/revisions\/30761"}],"wp:featuredmedia":[{"embeddable":true,"href":"https:\/\/myindustry.shop\/et\/wp-json\/wp\/v2\/media\/22029"}],"wp:attachment":[{"href":"https:\/\/myindustry.shop\/et\/wp-json\/wp\/v2\/media?parent=22010"}],"wp:term":[{"taxonomy":"product_brand","embeddable":true,"href":"https:\/\/myindustry.shop\/et\/wp-json\/wp\/v2\/product_brand?post=22010"},{"taxonomy":"product_cat","embeddable":true,"href":"https:\/\/myindustry.shop\/et\/wp-json\/wp\/v2\/product_cat?post=22010"},{"taxonomy":"product_tag","embeddable":true,"href":"https:\/\/myindustry.shop\/et\/wp-json\/wp\/v2\/product_tag?post=22010"}],"curies":[{"name":"wp","href":"https:\/\/api.w.org\/{rel}","templated":true}]}}