{"id":21436,"date":"2025-11-18T01:20:10","date_gmt":"2025-11-17T23:20:10","guid":{"rendered":"https:\/\/myindustry.shop\/product\/6sl3162-0am00-0aa0\/"},"modified":"2026-03-30T22:38:36","modified_gmt":"2026-03-30T20:38:36","slug":"6sl3162-0am00-0aa0","status":"publish","type":"product","link":"https:\/\/myindustry.shop\/et\/toode\/6sl3162-0am00-0aa0\/","title":{"rendered":"6SL3162-0AM00-0AA0"},"content":{"rendered":"<ul>\n<h3>Sinamics replacement fan for 300 mm Line\/Motor Module<\/h3>\n<p>Le ventilateur de remplacement Sinamics est con\u00e7u pour assurer un refroidissement efficace dans les modules de ligne et moteur de 300 mm.<\/p>\n<h4>D\u00e9tails techniques :<\/h4>\n<ul>\n<li>Type : Ventilateur de remplacement<\/li>\n<li>Application : Module de ligne\/moteur de 300 mm<\/li>\n<\/ul>\n<h4>Avantages client :<\/h4>\n<ul>\n<li>Assure un refroidissement efficace pour prolonger la dur\u00e9e de vie des composants.<\/li>\n<li>Facile \u00e0 remplacer, minimisant le temps d&#8217;arr\u00eat.<\/li>\n<\/ul>\n<p><i>Avertissement\u00a0:\u00a0g\u00e9n\u00e9r\u00e9 par l&#8217;IA.<\/i><\/p>\n<\/ul>","protected":false},"excerpt":{"rendered":"<p>****spare part**** SINAMICS replacement fan for 300 mm Line\/Motor Module<\/p>","protected":false},"featured_media":0,"template":"","meta":{"_acf_changed":false},"product_brand":[216],"product_cat":[253,254],"product_tag":[],"class_list":{"0":"post-21436","1":"product","2":"type-product","3":"status-publish","5":"product_brand-siemens","6":"product_cat-drive-technology","7":"product_cat-frequency-converters","9":"first","10":"instock","11":"purchasable","12":"product-type-simple"},"acf":[],"yoast_head":"<!-- This site is optimized with the Yoast SEO Premium plugin v26.1 (Yoast SEO v27.3) - https:\/\/yoast.com\/product\/yoast-seo-premium-wordpress\/ -->\n<title>6SL3162-0AM00-0AA0 - MyIndustry.Shop<\/title>\n<meta name=\"robots\" content=\"index, follow, max-snippet:-1, max-image-preview:large, max-video-preview:-1\" \/>\n<link rel=\"canonical\" href=\"https:\/\/myindustry.shop\/et\/toode\/6sl3162-0am00-0aa0\/\" \/>\n<meta property=\"og:locale\" content=\"et_EE\" \/>\n<meta property=\"og:type\" content=\"article\" \/>\n<meta property=\"og:title\" content=\"6SL3162-0AM00-0AA0\" \/>\n<meta property=\"og:description\" content=\"****spare part**** SINAMICS replacement fan for 300 mm Line\/Motor Module\" \/>\n<meta property=\"og:url\" content=\"https:\/\/myindustry.shop\/et\/toode\/6sl3162-0am00-0aa0\/\" \/>\n<meta property=\"og:site_name\" content=\"MyIndustry.Shop\" \/>\n<meta property=\"article:modified_time\" content=\"2026-03-30T20:38:36+00:00\" \/>\n<meta name=\"twitter:card\" content=\"summary_large_image\" \/>\n<meta name=\"twitter:label1\" content=\"Price\" \/>\n\t<meta name=\"twitter:data1\" content=\"371,07&nbsp;&euro;\" \/>\n\t<meta name=\"twitter:label2\" content=\"Availability\" \/>\n\t<meta name=\"twitter:data2\" content=\"In stock\" \/>\n<script type=\"application\/ld+json\" class=\"yoast-schema-graph\">{\"@context\":\"https:\\\/\\\/schema.org\",\"@graph\":[{\"@type\":[\"WebPage\",\"ItemPage\"],\"@id\":\"https:\\\/\\\/myindustry.shop\\\/product\\\/6sl3162-0am00-0aa0\\\/\",\"url\":\"https:\\\/\\\/myindustry.shop\\\/product\\\/6sl3162-0am00-0aa0\\\/\",\"name\":\"6SL3162-0AM00-0AA0 - MyIndustry.Shop\",\"isPartOf\":{\"@id\":\"https:\\\/\\\/myindustry.shop\\\/#website\"},\"datePublished\":\"2025-11-17T23:20:10+00:00\",\"dateModified\":\"2026-03-30T20:38:36+00:00\",\"breadcrumb\":{\"@id\":\"https:\\\/\\\/myindustry.shop\\\/product\\\/6sl3162-0am00-0aa0\\\/#breadcrumb\"},\"inLanguage\":\"et\",\"potentialAction\":[{\"@type\":\"ReadAction\",\"target\":[\"https:\\\/\\\/myindustry.shop\\\/product\\\/6sl3162-0am00-0aa0\\\/\"]}]},{\"@type\":\"BreadcrumbList\",\"@id\":\"https:\\\/\\\/myindustry.shop\\\/product\\\/6sl3162-0am00-0aa0\\\/#breadcrumb\",\"itemListElement\":[{\"@type\":\"ListItem\",\"position\":1,\"name\":\"Home\",\"item\":\"https:\\\/\\\/myindustry.shop\\\/\"},{\"@type\":\"ListItem\",\"position\":2,\"name\":\"Shop\",\"item\":\"https:\\\/\\\/myindustry.shop\\\/shop\\\/\"},{\"@type\":\"ListItem\",\"position\":3,\"name\":\"6SL3162-0AM00-0AA0\"}]},{\"@type\":\"WebSite\",\"@id\":\"https:\\\/\\\/myindustry.shop\\\/#website\",\"url\":\"https:\\\/\\\/myindustry.shop\\\/\",\"name\":\"MyIndustry.Shop\",\"description\":\"MyIndustry.Shop\",\"potentialAction\":[{\"@type\":\"SearchAction\",\"target\":{\"@type\":\"EntryPoint\",\"urlTemplate\":\"https:\\\/\\\/myindustry.shop\\\/?s={search_term_string}\"},\"query-input\":{\"@type\":\"PropertyValueSpecification\",\"valueRequired\":true,\"valueName\":\"search_term_string\"}}],\"inLanguage\":\"et\"}]}<\/script>\n<meta property=\"product:price:amount\" content=\"371.07\" \/>\n<meta property=\"product:price:currency\" content=\"EUR\" \/>\n<meta property=\"og:availability\" content=\"instock\" \/>\n<meta property=\"product:availability\" content=\"instock\" \/>\n<meta property=\"product:retailer_item_id\" content=\"6SL31620AM000AA0\" \/>\n<meta property=\"product:condition\" content=\"new\" \/>\n<!-- \/ Yoast SEO Premium plugin. -->","yoast_head_json":{"title":"6SL3162-0AM00-0AA0 - MyIndustry.Shop","robots":{"index":"index","follow":"follow","max-snippet":"max-snippet:-1","max-image-preview":"max-image-preview:large","max-video-preview":"max-video-preview:-1"},"canonical":"https:\/\/myindustry.shop\/et\/toode\/6sl3162-0am00-0aa0\/","og_locale":"et_EE","og_type":"article","og_title":"6SL3162-0AM00-0AA0","og_description":"****spare part**** SINAMICS replacement fan for 300 mm Line\/Motor Module","og_url":"https:\/\/myindustry.shop\/et\/toode\/6sl3162-0am00-0aa0\/","og_site_name":"MyIndustry.Shop","article_modified_time":"2026-03-30T20:38:36+00:00","twitter_card":"summary_large_image","twitter_misc":{"Price":"371,07&nbsp;&euro;","Availability":"In stock"},"schema":{"@context":"https:\/\/schema.org","@graph":[{"@type":["WebPage","ItemPage"],"@id":"https:\/\/myindustry.shop\/product\/6sl3162-0am00-0aa0\/","url":"https:\/\/myindustry.shop\/product\/6sl3162-0am00-0aa0\/","name":"6SL3162-0AM00-0AA0 - MyIndustry.Shop","isPartOf":{"@id":"https:\/\/myindustry.shop\/#website"},"datePublished":"2025-11-17T23:20:10+00:00","dateModified":"2026-03-30T20:38:36+00:00","breadcrumb":{"@id":"https:\/\/myindustry.shop\/product\/6sl3162-0am00-0aa0\/#breadcrumb"},"inLanguage":"et","potentialAction":[{"@type":"ReadAction","target":["https:\/\/myindustry.shop\/product\/6sl3162-0am00-0aa0\/"]}]},{"@type":"BreadcrumbList","@id":"https:\/\/myindustry.shop\/product\/6sl3162-0am00-0aa0\/#breadcrumb","itemListElement":[{"@type":"ListItem","position":1,"name":"Home","item":"https:\/\/myindustry.shop\/"},{"@type":"ListItem","position":2,"name":"Shop","item":"https:\/\/myindustry.shop\/shop\/"},{"@type":"ListItem","position":3,"name":"6SL3162-0AM00-0AA0"}]},{"@type":"WebSite","@id":"https:\/\/myindustry.shop\/#website","url":"https:\/\/myindustry.shop\/","name":"MyIndustry.Shop","description":"MyIndustry.Shop","potentialAction":[{"@type":"SearchAction","target":{"@type":"EntryPoint","urlTemplate":"https:\/\/myindustry.shop\/?s={search_term_string}"},"query-input":{"@type":"PropertyValueSpecification","valueRequired":true,"valueName":"search_term_string"}}],"inLanguage":"et"}]},"product_price_amount":"371.07","product_price_currency":"EUR","og_availability":"instock","product_availability":"instock","product_retailer_item_id":"6SL31620AM000AA0","product_condition":"new"},"jetpack_sharing_enabled":true,"_links":{"self":[{"href":"https:\/\/myindustry.shop\/et\/wp-json\/wp\/v2\/product\/21436","targetHints":{"allow":["GET"]}}],"collection":[{"href":"https:\/\/myindustry.shop\/et\/wp-json\/wp\/v2\/product"}],"about":[{"href":"https:\/\/myindustry.shop\/et\/wp-json\/wp\/v2\/types\/product"}],"version-history":[{"count":1,"href":"https:\/\/myindustry.shop\/et\/wp-json\/wp\/v2\/product\/21436\/revisions"}],"predecessor-version":[{"id":30471,"href":"https:\/\/myindustry.shop\/et\/wp-json\/wp\/v2\/product\/21436\/revisions\/30471"}],"wp:attachment":[{"href":"https:\/\/myindustry.shop\/et\/wp-json\/wp\/v2\/media?parent=21436"}],"wp:term":[{"taxonomy":"product_brand","embeddable":true,"href":"https:\/\/myindustry.shop\/et\/wp-json\/wp\/v2\/product_brand?post=21436"},{"taxonomy":"product_cat","embeddable":true,"href":"https:\/\/myindustry.shop\/et\/wp-json\/wp\/v2\/product_cat?post=21436"},{"taxonomy":"product_tag","embeddable":true,"href":"https:\/\/myindustry.shop\/et\/wp-json\/wp\/v2\/product_tag?post=21436"}],"curies":[{"name":"wp","href":"https:\/\/api.w.org\/{rel}","templated":true}]}}