{"id":2697,"date":"2023-03-13T07:26:08","date_gmt":"2023-03-13T07:26:08","guid":{"rendered":"https:\/\/klbtheme.com\/blonwe\/?page_id=2697"},"modified":"2026-02-13T01:06:00","modified_gmt":"2026-02-12T23:06:00","slug":"privacy-policy-2","status":"publish","type":"page","link":"https:\/\/myindustry.shop\/et\/privacy-policy-2\/","title":{"rendered":"Privacy Policy"},"content":{"rendered":"<div data-elementor-type=\"wp-page\" data-elementor-id=\"2697\" class=\"elementor elementor-2697\" data-elementor-post-type=\"page\">\n\t\t\t\t\t\t<section class=\"elementor-section elementor-top-section elementor-element elementor-element-6c47870 elementor-section-boxed elementor-section-height-default elementor-section-height-default\" data-id=\"6c47870\" data-element_type=\"section\" data-e-type=\"section\">\n\t\t\t\t\t\t<div class=\"elementor-container elementor-column-gap-extended\">\n\t\t\t\t\t<div class=\"elementor-column elementor-col-100 elementor-top-column elementor-element elementor-element-e132119\" data-id=\"e132119\" data-element_type=\"column\" data-e-type=\"column\">\n\t\t\t<div class=\"elementor-widget-wrap elementor-element-populated\">\n\t\t\t\t\t\t<div class=\"elementor-element elementor-element-b0071a8 elementor-widget elementor-widget-heading\" data-id=\"b0071a8\" data-element_type=\"widget\" data-e-type=\"widget\" data-widget_type=\"heading.default\">\n\t\t\t\t<div class=\"elementor-widget-container\">\n\t\t\t\t\t<h3 class=\"elementor-heading-title elementor-size-default\">Privacy policy<\/h3>\t\t\t\t<\/div>\n\t\t\t\t<\/div>\n\t\t\t\t<div class=\"elementor-element elementor-element-db4bb8f elementor-widget elementor-widget-text-editor\" data-id=\"db4bb8f\" data-element_type=\"widget\" data-e-type=\"widget\" data-widget_type=\"text-editor.default\">\n\t\t\t\t<div class=\"elementor-widget-container\">\n\t\t\t\t\t\t\t\t\t<h4>1. General provisions<\/h4><p>1.1. This buyers&#8217; privacy policy regulates the principles governing the collection, processing, and storage of personal data. Personal data is collected, processed and stored by the data controller Saksa Automaatika Insenerib\u00fcroo O\u00dc, registration code 16971438, legal address Gaasi tee 3, Lehmja k\u00fcla, Rae vald 75306 Harjumaa, telephone +372 605 2526, e-mail info@saksa-automaatika.ee (hereinafter referred to as the data processor). Saksa Automaatika Insenerib\u00fcroo O\u00dc conducts B2B sales and serves only business customers on the basis of a valid customer agreement.<\/p><p>1.2. For the purposes of the privacy policy of data subjects who are buyers, a business customer is a buyer whose personal data is processed by the data processor.<\/p><p>1.3. The data processor complies with the principles of data processing set out in legislation, including processing personal data lawfully, fairly and securely. The data processor is able to confirm that personal data has been processed in accordance with the provisions of legislation.<\/p>\t\t\t\t\t\t\t\t<\/div>\n\t\t\t\t<\/div>\n\t\t\t\t<div class=\"elementor-element elementor-element-8537fb8 elementor-widget elementor-widget-text-editor\" data-id=\"8537fb8\" data-element_type=\"widget\" data-e-type=\"widget\" data-widget_type=\"text-editor.default\">\n\t\t\t\t<div class=\"elementor-widget-container\">\n\t\t\t\t\t\t\t\t\t<h4>2. Collection, processing, and storage of personal data<\/h4><p>2.1. The personal data collected, processed, and stored by the data controller is mainly collected electronically via e-mail and also when the data subject submits a query or question or sends information via the contacts provided on the data subject&#8217;s website or social networks or via the e-store. The data processor processes data in such cases to manage inquiries and complaints, to ensure the quality of the services offered, and to protect its rights and legitimate interests.<\/p><p>2.2. By sharing the personal data of the data subject and persons related to the data subject, the data subject grants the data processor the right to collect, organize, use, and manage personal data for the purposes specified in the privacy policy, which the data subject shares with the data processor when concluding a customer contract and during its term, including when purchasing goods or services directly or indirectly on the website.<\/p><p>2.3. The data subject is responsible for ensuring that the data they provide is accurate, correct, and complete. Knowingly providing false information is considered a violation of the privacy policy. The data subject is obliged to immediately notify the data processor of any changes to the data provided.<\/p><p>2.4. The data processor is not liable for any damage caused to the data subject or third parties by the submission of false data by the data subject.<\/p>\t\t\t\t\t\t\t\t<\/div>\n\t\t\t\t<\/div>\n\t\t\t\t<div class=\"elementor-element elementor-element-06b1567 elementor-widget elementor-widget-text-editor\" data-id=\"06b1567\" data-element_type=\"widget\" data-e-type=\"widget\" data-widget_type=\"text-editor.default\">\n\t\t\t\t<div class=\"elementor-widget-container\">\n\t\t\t\t\t\t\t\t\t<h4>3. Processing of the data subject&#8217;s personal data<\/h4><p>3.1. The data processor may process the following personal data of the data subject:<br \/>\u2022 First and last name of representatives or authorized persons;<br \/>\u2022 Date of birth or personal identification code of representatives or authorized persons;<br \/>\u2022 Document number of representatives or authorized persons;<br \/>\u2022 Contact details, e.g. E-mail address; telephone number<br \/>\u2022 Delivery address;<br \/>\u2022 Payer details<br \/>\u2022 Bank account number;<br \/>\u2022 Payment card details;<br \/>\u2022 Purchase history, including, for example, information about goods and services and contacts<br \/>\u2022 Data related to participation in surveys, satisfaction surveys, and campaigns aimed at buyers.<\/p><p>3.2. In addition to the above, the data processor has the right to collect data about the data subject that is available in public registers.<\/p><p>3.3. The legal basis for the processing of personal data is Article 6(1)(a), (b), (c) and (f) of the General Data Protection Regulation:<br \/>a) the data subject has given consent to the processing of his or her personal data for one or more specific purposes;<br \/>b) processing is necessary for the performance of a contract to which the data subject is party or in order to take steps at the request of the data subject prior to entering into a contract;<br \/>c) processing is necessary for compliance with a legal obligation to which the controller is subject;<br \/>f) processing of personal data is necessary for the purposes of the legitimate interests pursued by the controller or by a third party, except where such interests are overridden by the interests or fundamental rights and freedoms of the data subject which require protection of personal data.<\/p><p>3.4. Processing of personal data in accordance with the purpose of processing:<br \/>\u2022 Personal data is processed primarily for the purpose of fulfilling the customer contract concluded with the buyer and for fulfilling legal obligations.<br \/>\u2022 Personal data such as the name of the buyer&#8217;s representative, personal identification code, and document number are used to identify the correct authorized person when ordering and delivering goods and services.<br \/>\u2022 Contact details such as e-mail, telephone number, and contact person are used to carry out activities related to the sale of goods and services and to communicate marketing and work organization information. Contact details are also used to conduct customer satisfaction surveys.<br \/>\u2022 The delivery address and contact details are used to deliver goods and\/or to communicate information about the readiness or dispatch of goods.<br \/>\u2022 Payer details and bank account numbers are used primarily for linking payments. Bank account numbers are used to refund payments to buyers if necessary.<br \/>\u2022 Purchase history information is used in customer management analyses, to find purchased goods more quickly, and to compile statistical data.<\/p><p>3.5. The data processor has the right to share the buyer&#8217;s personal data with third parties, such as authorized data processors, accountants, transport and courier companies, marketing partners, customer satisfaction survey companies, transfer service providers, and companies providing collection services. The data processor shall forward the personal data necessary for making payments to the authorized processor Maksekeskus AS. The data processor is the controller of personal data. Personal data is transferred on the condition that the purpose and processing are lawful and that the processing of personal data is carried out in accordance with the instructions of Saksa Automaatika Insenerib\u00fcroo O\u00dc.<\/p><p>3.6. When processing and storing the personal data of data subjects, the data processor shall implement organizational and technical measures to ensure the protection of personal data against accidental or unlawful destruction, alteration, disclosure, and any other unlawful processing.<\/p><p>3.7. The data processor shall store the data subjects&#8217; data depending on the purpose of processing, but for no longer than 10 years after the data subject&#8217;s last purchase.<\/p>\t\t\t\t\t\t\t\t<\/div>\n\t\t\t\t<\/div>\n\t\t\t\t<div class=\"elementor-element elementor-element-1dfeea3 elementor-widget elementor-widget-text-editor\" data-id=\"1dfeea3\" data-element_type=\"widget\" data-e-type=\"widget\" data-widget_type=\"text-editor.default\">\n\t\t\t\t<div class=\"elementor-widget-container\">\n\t\t\t\t\t\t\t\t\t<h4>4. Rights of the data subject<\/h4><p>4.1. The data subject has the right to obtain information about the processing of personal data.<\/p><p>4.2. The data subject has the right to request the correction of incorrect, inaccurate, or incomplete data, the deletion of their personal data, or the restriction of its processing if the personal data is processed without complying with legal requirements or if there is another legal basis for doing so.<\/p><p>4.3. The data subject has the right to request the transfer of their personal data to another data processor or to transfer it directly to the data subject (applies to personal data submitted to the data subject that is processed automatically on the basis of a contract or consent).<\/p><p>4.4. The data subject has the right to object to the processing of their personal data, unless there are legal grounds for such processing or the data is necessary for the establishment, exercise or defense of legal claims.<\/p><p>4.5. The data subject has the right to withdraw their consent to the processing of personal data at any time if their personal data is processed on the basis of separate consent.<\/p><p>4.6. The data subject may exercise their rights by contacting the data controller at info@saksa-automaatika.ee. They also have the right to submit a corresponding request to the Data Protection Inspectorate.<\/p>\t\t\t\t\t\t\t\t<\/div>\n\t\t\t\t<\/div>\n\t\t\t\t<div class=\"elementor-element elementor-element-b6625fb elementor-widget elementor-widget-text-editor\" data-id=\"b6625fb\" data-element_type=\"widget\" data-e-type=\"widget\" data-widget_type=\"text-editor.default\">\n\t\t\t\t<div class=\"elementor-widget-container\">\n\t\t\t\t\t\t\t\t\t<h4>5. Final provisions<\/h4><p>5.1 The data processor confirms that it processes the data subject&#8217;s personal data in accordance with the requirements established in European Union and national legislation and, in particular, in accordance with the principles of lawfulness, fairness, transparency, purpose limitation and data minimization.<\/p><p>5.2. The data processor has the right to change the data protection conditions in part or in full, notifying data subjects of the changes via the website www.saksa-automaatika.ee.<\/p>\t\t\t\t\t\t\t\t<\/div>\n\t\t\t\t<\/div>\n\t\t\t\t\t<\/div>\n\t\t<\/div>\n\t\t\t\t\t<\/div>\n\t\t<\/section>\n\t\t\t\t<\/div>","protected":false},"excerpt":{"rendered":"<p>Privacy policy 1. General provisions 1.1. This buyers&#8217; privacy policy regulates the principles governing the collection, processing, and storage of personal data. Personal data is collected, processed and stored by the data controller Saksa Automaatika Insenerib\u00fcroo O\u00dc, registration code 16971438, legal address Gaasi tee 3, Lehmja k\u00fcla, Rae vald 75306 Harjumaa, telephone +372 605 2526,<\/p>\n<div class=\"klb-readmore button\"><a class=\"btn link\" href=\"https:\/\/myindustry.shop\/et\/privacy-policy-2\/\">Read More <i class=\"klbth-icon-right-arrow\"><\/i><\/a><\/div>","protected":false},"author":2,"featured_media":0,"parent":0,"menu_order":0,"comment_status":"closed","ping_status":"closed","template":"","meta":{"_acf_changed":false,"footnotes":""},"class_list":["post-2697","page","type-page","status-publish","hentry"],"acf":[],"yoast_head":"<!-- This site is optimized with the Yoast SEO Premium plugin v26.1 (Yoast SEO v27.3) - https:\/\/yoast.com\/product\/yoast-seo-premium-wordpress\/ -->\n<title>Privacy Policy - MyIndustry.Shop<\/title>\n<meta name=\"robots\" content=\"index, follow, max-snippet:-1, max-image-preview:large, max-video-preview:-1\" \/>\n<link rel=\"canonical\" href=\"https:\/\/myindustry.shop\/et\/privacy-policy-2\/\" \/>\n<meta property=\"og:locale\" content=\"et_EE\" \/>\n<meta property=\"og:type\" content=\"article\" \/>\n<meta property=\"og:title\" content=\"Privacy Policy\" \/>\n<meta property=\"og:description\" content=\"Privacy policy 1. General provisions 1.1. This buyers&#8217; privacy policy regulates the principles governing the collection, processing, and storage of personal data. Personal data is collected, processed and stored by the data controller Saksa Automaatika Insenerib\u00fcroo O\u00dc, registration code 16971438, legal address Gaasi tee 3, Lehmja k\u00fcla, Rae vald 75306 Harjumaa, telephone +372 605 2526,Read More\" \/>\n<meta property=\"og:url\" content=\"https:\/\/myindustry.shop\/et\/privacy-policy-2\/\" \/>\n<meta property=\"og:site_name\" content=\"MyIndustry.Shop\" \/>\n<meta property=\"article:modified_time\" content=\"2026-02-12T23:06:00+00:00\" \/>\n<meta name=\"twitter:card\" content=\"summary_large_image\" \/>\n<meta name=\"twitter:label1\" content=\"Est. reading time\" \/>\n\t<meta name=\"twitter:data1\" content=\"6 minutit\" \/>\n<script type=\"application\/ld+json\" class=\"yoast-schema-graph\">{\"@context\":\"https:\\\/\\\/schema.org\",\"@graph\":[{\"@type\":\"WebPage\",\"@id\":\"https:\\\/\\\/myindustry.shop\\\/privacy-policy-2\\\/\",\"url\":\"https:\\\/\\\/myindustry.shop\\\/privacy-policy-2\\\/\",\"name\":\"Privacy Policy - MyIndustry.Shop\",\"isPartOf\":{\"@id\":\"https:\\\/\\\/myindustry.shop\\\/#website\"},\"datePublished\":\"2023-03-13T07:26:08+00:00\",\"dateModified\":\"2026-02-12T23:06:00+00:00\",\"breadcrumb\":{\"@id\":\"https:\\\/\\\/myindustry.shop\\\/privacy-policy-2\\\/#breadcrumb\"},\"inLanguage\":\"et\",\"potentialAction\":[{\"@type\":\"ReadAction\",\"target\":[\"https:\\\/\\\/myindustry.shop\\\/privacy-policy-2\\\/\"]}]},{\"@type\":\"BreadcrumbList\",\"@id\":\"https:\\\/\\\/myindustry.shop\\\/privacy-policy-2\\\/#breadcrumb\",\"itemListElement\":[{\"@type\":\"ListItem\",\"position\":1,\"name\":\"Home\",\"item\":\"https:\\\/\\\/myindustry.shop\\\/\"},{\"@type\":\"ListItem\",\"position\":2,\"name\":\"Privacy Policy\"}]},{\"@type\":\"WebSite\",\"@id\":\"https:\\\/\\\/myindustry.shop\\\/#website\",\"url\":\"https:\\\/\\\/myindustry.shop\\\/\",\"name\":\"MyIndustry.Shop\",\"description\":\"MyIndustry.Shop\",\"potentialAction\":[{\"@type\":\"SearchAction\",\"target\":{\"@type\":\"EntryPoint\",\"urlTemplate\":\"https:\\\/\\\/myindustry.shop\\\/?s={search_term_string}\"},\"query-input\":{\"@type\":\"PropertyValueSpecification\",\"valueRequired\":true,\"valueName\":\"search_term_string\"}}],\"inLanguage\":\"et\"}]}<\/script>\n<!-- \/ Yoast SEO Premium plugin. -->","yoast_head_json":{"title":"Privacy Policy - MyIndustry.Shop","robots":{"index":"index","follow":"follow","max-snippet":"max-snippet:-1","max-image-preview":"max-image-preview:large","max-video-preview":"max-video-preview:-1"},"canonical":"https:\/\/myindustry.shop\/et\/privacy-policy-2\/","og_locale":"et_EE","og_type":"article","og_title":"Privacy Policy","og_description":"Privacy policy 1. General provisions 1.1. This buyers&#8217; privacy policy regulates the principles governing the collection, processing, and storage of personal data. Personal data is collected, processed and stored by the data controller Saksa Automaatika Insenerib\u00fcroo O\u00dc, registration code 16971438, legal address Gaasi tee 3, Lehmja k\u00fcla, Rae vald 75306 Harjumaa, telephone +372 605 2526,Read More","og_url":"https:\/\/myindustry.shop\/et\/privacy-policy-2\/","og_site_name":"MyIndustry.Shop","article_modified_time":"2026-02-12T23:06:00+00:00","twitter_card":"summary_large_image","twitter_misc":{"Est. reading time":"6 minutit"},"schema":{"@context":"https:\/\/schema.org","@graph":[{"@type":"WebPage","@id":"https:\/\/myindustry.shop\/privacy-policy-2\/","url":"https:\/\/myindustry.shop\/privacy-policy-2\/","name":"Privacy Policy - MyIndustry.Shop","isPartOf":{"@id":"https:\/\/myindustry.shop\/#website"},"datePublished":"2023-03-13T07:26:08+00:00","dateModified":"2026-02-12T23:06:00+00:00","breadcrumb":{"@id":"https:\/\/myindustry.shop\/privacy-policy-2\/#breadcrumb"},"inLanguage":"et","potentialAction":[{"@type":"ReadAction","target":["https:\/\/myindustry.shop\/privacy-policy-2\/"]}]},{"@type":"BreadcrumbList","@id":"https:\/\/myindustry.shop\/privacy-policy-2\/#breadcrumb","itemListElement":[{"@type":"ListItem","position":1,"name":"Home","item":"https:\/\/myindustry.shop\/"},{"@type":"ListItem","position":2,"name":"Privacy Policy"}]},{"@type":"WebSite","@id":"https:\/\/myindustry.shop\/#website","url":"https:\/\/myindustry.shop\/","name":"MyIndustry.Shop","description":"MyIndustry.Shop","potentialAction":[{"@type":"SearchAction","target":{"@type":"EntryPoint","urlTemplate":"https:\/\/myindustry.shop\/?s={search_term_string}"},"query-input":{"@type":"PropertyValueSpecification","valueRequired":true,"valueName":"search_term_string"}}],"inLanguage":"et"}]}},"jetpack_sharing_enabled":true,"_links":{"self":[{"href":"https:\/\/myindustry.shop\/et\/wp-json\/wp\/v2\/pages\/2697","targetHints":{"allow":["GET"]}}],"collection":[{"href":"https:\/\/myindustry.shop\/et\/wp-json\/wp\/v2\/pages"}],"about":[{"href":"https:\/\/myindustry.shop\/et\/wp-json\/wp\/v2\/types\/page"}],"author":[{"embeddable":true,"href":"https:\/\/myindustry.shop\/et\/wp-json\/wp\/v2\/users\/2"}],"replies":[{"embeddable":true,"href":"https:\/\/myindustry.shop\/et\/wp-json\/wp\/v2\/comments?post=2697"}],"version-history":[{"count":3,"href":"https:\/\/myindustry.shop\/et\/wp-json\/wp\/v2\/pages\/2697\/revisions"}],"predecessor-version":[{"id":28814,"href":"https:\/\/myindustry.shop\/et\/wp-json\/wp\/v2\/pages\/2697\/revisions\/28814"}],"wp:attachment":[{"href":"https:\/\/myindustry.shop\/et\/wp-json\/wp\/v2\/media?parent=2697"}],"curies":[{"name":"wp","href":"https:\/\/api.w.org\/{rel}","templated":true}]}}